{"id":44950,"date":"2000-12-21T15:28:33","date_gmt":"2000-12-21T14:28:33","guid":{"rendered":"https:\/\/international-photographer.com\/produit\/44950\/"},"modified":"2025-09-03T19:41:28","modified_gmt":"2025-09-03T17:41:28","slug":"guide-usa-ebook-french-version","status":"publish","type":"product","link":"https:\/\/international-photographer.com\/en\/produit\/guide-usa-ebook-french-version\/","title":{"rendered":"GUIDE USA ebook in french version"},"content":{"rendered":"\t\t<div data-elementor-type=\"product-post\" data-elementor-id=\"44950\" class=\"elementor elementor-44950 elementor-356\" data-elementor-post-type=\"product\">\n\t\t\t\t<div class=\"elementor-element elementor-element-24a0c18a e-flex e-con-boxed e-con e-parent\" data-id=\"24a0c18a\" data-element_type=\"container\" data-e-type=\"container\">\n\t\t\t\t\t<div class=\"e-con-inner\">\n\t\t\t\t<div class=\"elementor-element elementor-element-2e5e00a7 elementor-widget-divider--view-line elementor-widget elementor-widget-divider\" data-id=\"2e5e00a7\" data-element_type=\"widget\" data-e-type=\"widget\" data-widget_type=\"divider.default\">\n\t\t\t\t<div class=\"elementor-widget-container\">\n\t\t\t\t\t\t\t<div class=\"elementor-divider\">\n\t\t\t<span class=\"elementor-divider-separator\">\n\t\t\t\t\t\t<\/span>\n\t\t<\/div>\n\t\t\t\t\t\t<\/div>\n\t\t\t\t<\/div>\n\t\t\t\t<div class=\"elementor-element elementor-element-2f24f667 elementor-widget elementor-widget-heading\" data-id=\"2f24f667\" data-element_type=\"widget\" data-e-type=\"widget\" data-widget_type=\"heading.default\">\n\t\t\t\t<div class=\"elementor-widget-container\">\n\t\t\t\t\t<h2 class=\"elementor-heading-title elementor-size-default\">USA GUIDE<\/h2>\t\t\t\t<\/div>\n\t\t\t\t<\/div>\n\t\t\t\t<div class=\"elementor-element elementor-element-41be35c0 elementor-widget elementor-widget-heading\" data-id=\"41be35c0\" data-element_type=\"widget\" data-e-type=\"widget\" data-widget_type=\"heading.default\">\n\t\t\t\t<div class=\"elementor-widget-container\">\n\t\t\t\t\t<h3 class=\"elementor-heading-title elementor-size-default\">PLANNING YOUR TRIP TO THE NATIONAL PARKS OF THE AMERICAN WEST<\/h3>\t\t\t\t<\/div>\n\t\t\t\t<\/div>\n\t\t\t\t<div class=\"elementor-element elementor-element-3e35187c elementor-widget elementor-widget-text-editor\" data-id=\"3e35187c\" data-element_type=\"widget\" data-e-type=\"widget\" data-widget_type=\"text-editor.default\">\n\t\t\t\t<div class=\"elementor-widget-container\">\n\t\t\t\t\t\t\t\t\t<p><span style=\"color: #000099;\"><strong>This 99-page guide is perfect for travelers embarking on their first adventure exploring the American Southwest. <\/strong><\/span><span style=\"color: #000099;\"><strong>Note: This guide has not been updated since 2009 and should be viewed as a time capsule curiosity.<\/strong><\/span><\/p><p>Our USA Guide dedicated to the American West is a must-have eBook for all travel enthusiasts.<\/p><p>This practical guide provides all the essential information you need to explore the national parks, iconic roads, and landmark cities of the American West.<\/p><p>Whether you&#8217;re seeking outdoor adventures, breathtaking landscapes, or cultural discoveries, our eBook supports you at every step of your journey with expert advice for a perfectly organized trip.<\/p><p><strong>Ideal for planning your road trip in the United States, it will help you enjoy an authentic and unforgettable experience across the most beautiful sites in the American West.<\/strong><\/p>\t\t\t\t\t\t\t\t<\/div>\n\t\t\t\t<\/div>\n\t\t\t\t<div class=\"elementor-element elementor-element-b9c70c5 elementor-widget-divider--view-line elementor-widget elementor-widget-divider\" data-id=\"b9c70c5\" data-element_type=\"widget\" data-e-type=\"widget\" data-widget_type=\"divider.default\">\n\t\t\t\t<div class=\"elementor-widget-container\">\n\t\t\t\t\t\t\t<div class=\"elementor-divider\">\n\t\t\t<span class=\"elementor-divider-separator\">\n\t\t\t\t\t\t<\/span>\n\t\t<\/div>\n\t\t\t\t\t\t<\/div>\n\t\t\t\t<\/div>\n\t\t\t\t<div class=\"elementor-element elementor-element-57bc8d6 elementor-widget elementor-widget-heading\" data-id=\"57bc8d6\" data-element_type=\"widget\" data-e-type=\"widget\" data-widget_type=\"heading.default\">\n\t\t\t\t<div class=\"elementor-widget-container\">\n\t\t\t\t\t<h2 class=\"elementor-heading-title elementor-size-default\">ROAD TRIP IN THE AMERICAN SOUTHWEST: BEING IN THE RIGHT PLACE AT THE RIGHT TIME<\/h2>\t\t\t\t<\/div>\n\t\t\t\t<\/div>\n\t\t\t\t<div class=\"elementor-element elementor-element-30372e5c elementor-widget elementor-widget-text-editor\" data-id=\"30372e5c\" data-element_type=\"widget\" data-e-type=\"widget\" data-widget_type=\"text-editor.default\">\n\t\t\t\t<div class=\"elementor-widget-container\">\n\t\t\t\t\t\t\t\t\t<p>**DAY 1-2-3** &#8211; Paris &gt; Los Angeles<\/p><p>**DAY 4** &#8211; Los Angeles &gt; **SUNSET CRATER National Park** &gt; **WUPATKI National Monument** &gt; Flagstaff<\/p><p>**DAY 5** &#8211; Flagstaff &gt; **GRAND CANYON National Park**<\/p><p>**DAY 6** &#8211; **GRAND CANYON National Park** &gt; **HORSESHOE BEND** &gt; **MONUMENT VALLEY**<\/p><p>**DAY 7** &#8211; **MONUMENT VALLEY** &gt; **VALLEY OF THE GODS** &gt; **CANYONLANDS THE NEEDLES National Park** &gt; Moab<\/p><p>**DAY 8** &#8211; **ARCHES National Park** &gt; Moab<\/p><p>**DAY 9** &#8211; **CANYONLANDS ISLAND IN THE SKY National Park** &gt; **DEAD HORSE POINT State Park** &gt; **MUSSELMAN ARCH** &gt; Moab<\/p><p>**DAY 10** &#8211; Moab &gt; **CAPITOL REEF National Park (Fruita)**<\/p><p>**DAY 11** &#8211; **CAPITOL REEF National Park** &gt; **THE BURR TRAIL** &gt; **BRYCE CANYON National Park**<\/p><p>**DAY 12** &#8211; **BRYCE CANYON National Park** &gt; **COTTONWOOD CANYON ROAD** &gt; UT-89<\/p><p>**DAY 13** &#8211; **WIRE PASS** &gt; **COYOTE BUTTES NORTH (THE WAVE)** &gt; **OLD PARIA** &gt; Page<\/p><p>**DAY 14** &#8211; **ANTELOPE CANYON LOWER + UPPER** &gt; Page<\/p><p>**DAY 15** &#8211; Page &gt; **NAVAJO BRIDGE** &gt; **LEES FERRY** &gt; **TOADSTOOL HOODOOS** &gt; Kanab<\/p><p>**DAY 16** &#8211; Kanab &gt; **ZION National Park**<\/p><p>**DAY 17** &#8211; **ZION NP** &gt; **KANARRA CREEK** &gt; Las Vegas<\/p><p>**DAY 18** &#8211; Las Vegas<\/p><p>**DAY 19** &#8211; Las Vegas &gt; **DEATH VALLEY National Park** &gt; Lone Pine<\/p><p>**DAY 20** &#8211; **ALABAMA HILLS** &gt; **ANCIENT BRISTLECONE PINE FOREST** &gt; **BODIE Historic Park** &gt; **MONO LAKE** &gt; Lee Vining<\/p><p>**DAY 21** &#8211; **SOUTH TUFA** &gt; **YOSEMITE National Park**<\/p><p>**DAY 22** &#8211; **YOSEMITE National Park**<\/p><p>**DAY 23** &#8211; **YOSEMITE National Park** &gt; **17 MILE DRIVE** &gt; **POINT LOBOS RESERVE** &gt; San Francisco<\/p><p>**DAY 24-25-26-27-28** &#8211; San Francisco<\/p><p>**ANNEXES**<\/p>\t\t\t\t\t\t\t\t<\/div>\n\t\t\t\t<\/div>\n\t\t\t\t<div class=\"elementor-element elementor-element-7e49d329 elementor-widget-divider--view-line elementor-widget elementor-widget-divider\" data-id=\"7e49d329\" data-element_type=\"widget\" data-e-type=\"widget\" data-widget_type=\"divider.default\">\n\t\t\t\t<div class=\"elementor-widget-container\">\n\t\t\t\t\t\t\t<div class=\"elementor-divider\">\n\t\t\t<span class=\"elementor-divider-separator\">\n\t\t\t\t\t\t<\/span>\n\t\t<\/div>\n\t\t\t\t\t\t<\/div>\n\t\t\t\t<\/div>\n\t\t\t\t<div class=\"elementor-element elementor-element-b39aa1d elementor-widget elementor-widget-image\" data-id=\"b39aa1d\" data-element_type=\"widget\" data-e-type=\"widget\" data-widget_type=\"image.default\">\n\t\t\t\t<div class=\"elementor-widget-container\">\n\t\t\t\t\t\t\t\t\t\t\t\t\t\t\t\t<a href=\"https:\/\/international-photographer.com\/wp-content\/uploads\/2024\/11\/voyage-etats-unis-ouest-americain-guide.jpg\" rel=\"lightbox[44950]\">\n\t\t\t\t\t\t\t<img loading=\"lazy\" decoding=\"async\" width=\"2000\" height=\"2000\" src=\"https:\/\/international-photographer.com\/wp-content\/uploads\/2024\/11\/voyage-etats-unis-ouest-americain-guide.jpg\" class=\"attachment-large size-large wp-image-46074\" alt=\"Immerse yourself in adventure with our American West travel guide! Discover the wonders of America&#039;s national parks, from the immensity of the Grand Canyon to the unique landscapes of Yosemite. This handy guide is your perfect companion for planning an unforgettable road trip through the iconic lands of the American West.\" srcset=\"https:\/\/international-photographer.com\/wp-content\/uploads\/2024\/11\/voyage-etats-unis-ouest-americain-guide.jpg 2000w, https:\/\/international-photographer.com\/wp-content\/uploads\/2024\/11\/voyage-etats-unis-ouest-americain-guide-700x700.jpg 700w, https:\/\/international-photographer.com\/wp-content\/uploads\/2024\/11\/voyage-etats-unis-ouest-americain-guide-900x900.jpg 900w, https:\/\/international-photographer.com\/wp-content\/uploads\/2024\/11\/voyage-etats-unis-ouest-americain-guide-100x100.jpg 100w\" sizes=\"auto, (max-width: 2000px) 100vw, 2000px\" \/>\t\t\t\t\t\t\t\t<\/a>\n\t\t\t\t\t\t\t\t\t\t\t\t\t\t\t<\/div>\n\t\t\t\t<\/div>\n\t\t\t\t<div class=\"elementor-element elementor-element-190abc6 elementor-widget-divider--view-line elementor-widget elementor-widget-divider\" data-id=\"190abc6\" data-element_type=\"widget\" data-e-type=\"widget\" data-widget_type=\"divider.default\">\n\t\t\t\t<div class=\"elementor-widget-container\">\n\t\t\t\t\t\t\t<div class=\"elementor-divider\">\n\t\t\t<span class=\"elementor-divider-separator\">\n\t\t\t\t\t\t<\/span>\n\t\t<\/div>\n\t\t\t\t\t\t<\/div>\n\t\t\t\t<\/div>\n\t\t\t\t<div class=\"elementor-element elementor-element-eb9e193 elementor-widget elementor-widget-heading\" data-id=\"eb9e193\" data-element_type=\"widget\" data-e-type=\"widget\" data-widget_type=\"heading.default\">\n\t\t\t\t<div class=\"elementor-widget-container\">\n\t\t\t\t\t<h2 class=\"elementor-heading-title elementor-size-default\">SOUTHWEST USA GUIDE DEMO<\/h2>\t\t\t\t<\/div>\n\t\t\t\t<\/div>\n\t\t\t\t<div class=\"elementor-element elementor-element-41050da elementor-widget__width-initial elementor-widget elementor-widget-tp-dynamic-device\" data-id=\"41050da\" data-element_type=\"widget\" data-e-type=\"widget\" data-widget_type=\"tp-dynamic-device.default\">\n\t\t\t\t<div class=\"elementor-widget-container\">\n\t\t\t\t\t<div class=\"plus-device-wrapper device-type-tablet ipad-vertical-white  \"  ><div class=\"plus-device-inner\"><div class=\"plus-device-content \"><div class=\"plus-device-shape\"><img decoding=\"async\" src=\"https:\/\/international-photographer.com\/wp-content\/plugins\/theplus_elementor_addon\/assets\/images\/devices\/ipad-vertical-white.png\" class=\"plus-device-image\" alt=\"Plus tablet device\"><\/div><div class=\"plus-device-media \"><div class=\"plus-media-inner\"><div class=\"plus-media-screen\"><div class=\"plus-media-screen-inner \">\t\t<div data-elementor-type=\"container\" data-elementor-id=\"47087\" class=\"elementor elementor-47087 elementor-47083 elementor-47083\" data-elementor-post-type=\"elementor_library\">\n\t\t\t\t<div class=\"elementor-element elementor-element-8496016 e-flex e-con-boxed e-con e-parent\" data-id=\"8496016\" data-element_type=\"container\" data-e-type=\"container\">\n\t\t\t\t\t<div class=\"e-con-inner\">\n\t\t\t\t<div class=\"elementor-element elementor-element-6bdac11 elementor-widget elementor-widget-embedpress_pdf\" data-id=\"6bdac11\" data-element_type=\"widget\" data-e-type=\"widget\" data-widget_type=\"embedpress_pdf.default\">\n\t\t\t\t<div class=\"elementor-widget-container\">\n\t\t\t\t\t    <div class=\"embedpress-document-embed ep-doc-6400443dbda8ee79e80e2d25183f2c3b ose-document emebedpress-unit-percent \" data-thememode=\"default\" data-customcolor=\"\" data-toolbar=\"\" data-toolbar-position=\"bottom\" data-open=\"no\" data-presentation-mode=\"\" data-download=\"\" data-copy=\"\" data-add-image=\"\" data-rotate=\"\" data-details=\"\" data-id=\"embedpress-pdf-6bdac11\" data-selection-tool=\"0\" data-scrolling=\"0\" data-spreads=\"-1\" style=\" max-width:100%; display: inline-block\">\n\n        \n                <div >\n\n                    <div id=\"ep-elementor-content-6bdac11\" class=\"ep-elementor-content   ep-percentage-width   ep-content-protection-disabled\">\n                        <div id=\"6bdac11\" class=\"ep-embed-content-wraper\">\n                            <div><iframe title=\"eROADBOOK_SOUTHWEST_FRANCAIS-DEMO\" class=\"embedpress-embed-document-pdf embedpress-pdf-6bdac11\" style=\"width: 100%!important;height: 850px;; max-width:100%; display: inline-block\" src=\"https:\/\/international-photographer.com\/wp-admin\/admin-ajax.php?action=get_viewer&#038;file=https%3A%2F%2Finternational-photographer.com%2Fwp-content%2Fuploads%2F2024%2F11%2FeROADBOOK_SOUTHWEST_FRANCAIS-DEMO.pdf&#038;scrolling=0&#038;selection_tool=0&#038;spreads=-1#key=dGhlbWVNb2RlPWRlZmF1bHQmdG9vbGJhcj1mYWxzZSZwb3NpdGlvbj1ib3R0b20mcHJlc2VudGF0aW9uPWZhbHNlJmxhenlMb2FkPWZhbHNlJmRvd25sb2FkPSZjb3B5X3RleHQ9JmFkZF90ZXh0PWZhbHNlJmRyYXc9JmFkZF9pbWFnZT1mYWxzZSZwZGZfcm90YXRpb249ZmFsc2UmcGRmX2RldGFpbHM9ZmFsc2Umem9vbV9pbj10cnVlJnpvb21fb3V0PXRydWUmZml0X3ZpZXc9dHJ1ZSZib29rbWFyaz10cnVlJnNvdW5kPXRydWUmZmxpcGJvb2tfdG9vbGJhcl9wb3NpdGlvbj1ib3R0b20mc2VsZWN0aW9uX3Rvb2w9MCZzY3JvbGxpbmc9MCZzcHJlYWRzPS0xJmlzX3Byb19hY3RpdmU9MQ==&#038;zoom=auto\" class=\"embedpress-embed-document-pdf embedpress-pdf-6bdac11\" data-emid=\"embedpress-pdf-6bdac11\" data-embed-type=\"PDF\" frameborder=\"0\"><\/iframe><\/div>                        <\/div>\n\n                    <\/div>\n\n\n                   \n                <\/div>\n            \n    <\/div>\n\n\t\t\t\t<\/div>\n\t\t\t\t<\/div>\n\t\t\t\t\t<\/div>\n\t\t\t\t<\/div>\n\t\t\t\t<\/div>\n\t\t<\/div><\/div><\/div><\/div><\/div><\/div><\/div>\t\t\t\t<\/div>\n\t\t\t\t<\/div>\n\t\t\t\t<div class=\"elementor-element elementor-element-da9bd4a elementor-widget-divider--view-line elementor-widget elementor-widget-divider\" data-id=\"da9bd4a\" data-element_type=\"widget\" data-e-type=\"widget\" data-widget_type=\"divider.default\">\n\t\t\t\t<div class=\"elementor-widget-container\">\n\t\t\t\t\t\t\t<div class=\"elementor-divider\">\n\t\t\t<span class=\"elementor-divider-separator\">\n\t\t\t\t\t\t<\/span>\n\t\t<\/div>\n\t\t\t\t\t\t<\/div>\n\t\t\t\t<\/div>\n\t\t\t\t<div class=\"elementor-element elementor-element-bab3ae6 elementor-widget elementor-widget-heading\" data-id=\"bab3ae6\" data-element_type=\"widget\" data-e-type=\"widget\" data-widget_type=\"heading.default\">\n\t\t\t\t<div class=\"elementor-widget-container\">\n\t\t\t\t\t<h2 class=\"elementor-heading-title elementor-size-default\">LIVE THE ADVENTURE: ROAD TRIP IN THE AMERICAN WEST WITH THE USA GUIDE<\/h2>\t\t\t\t<\/div>\n\t\t\t\t<\/div>\n\t\t\t\t<div class=\"elementor-element elementor-element-0ef4232 elementor-widget elementor-widget-text-editor\" data-id=\"0ef4232\" data-element_type=\"widget\" data-e-type=\"widget\" data-widget_type=\"text-editor.default\">\n\t\t\t\t<div class=\"elementor-widget-container\">\n\t\t\t\t\t\t\t\t\t<p><strong>A road trip through the American West is the ultimate adventure for nature lovers and fans of wide-open spaces.<\/strong><\/p><p>From Route 66 to iconic national parks like the Grand Canyon and Yosemite, every stop on this journey immerses you in breathtaking landscapes and unique experiences.<\/p><p>Through deep canyons, endless deserts, and majestic mountains, this trip allows you to discover the true essence of the American West.<\/p><p><strong>Get ready for an unforgettable journey filled with freedom, exploration, and wonder with our USA guide.<\/strong><\/p>\t\t\t\t\t\t\t\t<\/div>\n\t\t\t\t<\/div>\n\t\t\t\t<div class=\"elementor-element elementor-element-bf3b899 elementor-widget-divider--view-line elementor-widget elementor-widget-divider\" data-id=\"bf3b899\" data-element_type=\"widget\" data-e-type=\"widget\" data-widget_type=\"divider.default\">\n\t\t\t\t<div class=\"elementor-widget-container\">\n\t\t\t\t\t\t\t<div class=\"elementor-divider\">\n\t\t\t<span class=\"elementor-divider-separator\">\n\t\t\t\t\t\t<\/span>\n\t\t<\/div>\n\t\t\t\t\t\t<\/div>\n\t\t\t\t<\/div>\n\t\t\t\t<div class=\"elementor-element elementor-element-6631f35 elementor-widget elementor-widget-image\" data-id=\"6631f35\" data-element_type=\"widget\" data-e-type=\"widget\" data-widget_type=\"image.default\">\n\t\t\t\t<div class=\"elementor-widget-container\">\n\t\t\t\t\t\t\t\t\t\t\t\t\t\t\t\t<a href=\"https:\/\/international-photographer.com\/wp-content\/uploads\/2024\/11\/brice-canyon-usa-guide-voyage.jpg\" rel=\"lightbox[44950]\">\n\t\t\t\t\t\t\t<img loading=\"lazy\" decoding=\"async\" width=\"1333\" height=\"2000\" src=\"https:\/\/international-photographer.com\/wp-content\/uploads\/2024\/11\/brice-canyon-usa-guide-voyage.jpg\" class=\"attachment-large size-large wp-image-46072\" alt=\"Partez \u00e0 la d\u00e9couverte de l&#039;ouest am\u00e9ricain ! Des parcs nationaux embl\u00e9matiques aux villes l\u00e9gendaires, ce voyage vous emm\u00e8ne au c\u0153ur de paysages \u00e9poustouflants et de cultures fascinantes. Suivez notre guide pour explorer les incontournables de cette r\u00e9gion unique, des canyons majestueux aux vastes \u00e9tendues d\u00e9sertiques.\" srcset=\"https:\/\/international-photographer.com\/wp-content\/uploads\/2024\/11\/brice-canyon-usa-guide-voyage.jpg 1333w, https:\/\/international-photographer.com\/wp-content\/uploads\/2024\/11\/brice-canyon-usa-guide-voyage-900x1350.jpg 900w\" sizes=\"auto, (max-width: 1333px) 100vw, 1333px\" \/>\t\t\t\t\t\t\t\t<\/a>\n\t\t\t\t\t\t\t\t\t\t\t\t\t\t\t<\/div>\n\t\t\t\t<\/div>\n\t\t\t\t<div class=\"elementor-element elementor-element-bce38d6 elementor-widget-divider--view-line elementor-widget elementor-widget-divider\" data-id=\"bce38d6\" data-element_type=\"widget\" data-e-type=\"widget\" data-widget_type=\"divider.default\">\n\t\t\t\t<div class=\"elementor-widget-container\">\n\t\t\t\t\t\t\t<div class=\"elementor-divider\">\n\t\t\t<span class=\"elementor-divider-separator\">\n\t\t\t\t\t\t<\/span>\n\t\t<\/div>\n\t\t\t\t\t\t<\/div>\n\t\t\t\t<\/div>\n\t\t\t\t<div class=\"elementor-element elementor-element-6d526471 elementor-widget elementor-widget-text-editor\" data-id=\"6d526471\" data-element_type=\"widget\" data-e-type=\"widget\" data-widget_type=\"text-editor.default\">\n\t\t\t\t<div class=\"elementor-widget-container\">\n\t\t\t\t\t\t\t\t\t<p>This guide can be accessed immediately after purchase on all electronic devices and can also be printed in high definition.<\/p><p>In the same collection, you\u2019ll also find the <a href=\"https:\/\/international-photographer.com\/en\/produit\/faroe-islands-guide\/\" target=\"_blank\" rel=\"noopener\">Faroe Islands eBook Guide<\/a> and the<a href=\"https:\/\/international-photographer.com\/en\/produit\/iceland-guide\/\" target=\"_blank\" rel=\"noopener\"> Iceland Guide<\/a><\/p>\t\t\t\t\t\t\t\t<\/div>\n\t\t\t\t<\/div>\n\t\t\t\t<div class=\"elementor-element elementor-element-400834d elementor-widget elementor-widget-image\" data-id=\"400834d\" data-element_type=\"widget\" data-e-type=\"widget\" data-widget_type=\"image.default\">\n\t\t\t\t<div class=\"elementor-widget-container\">\n\t\t\t\t\t\t\t\t\t\t\t\t\t\t\t\t<a href=\"https:\/\/international-photographer.com\/wp-content\/uploads\/2024\/11\/guide-iles-feroe-pack-ebook.jpg\" rel=\"lightbox[44950]\">\n\t\t\t\t\t\t\t<img loading=\"lazy\" decoding=\"async\" width=\"1390\" height=\"617\" src=\"https:\/\/international-photographer.com\/wp-content\/uploads\/2024\/11\/guide-iles-feroe-pack-ebook.jpg\" class=\"attachment-large size-large wp-image-45910\" alt=\"Immerse yourself in the unique adventure of the Faroe Islands with our complete guide in ebook pack! This detailed guide accompanies you through the wild landscapes and hidden treasures of this Nordic archipelago, from its spectacular cliffs to its charming fishing villages. Download now to prepare your ideal trip and discover the Faroe Islands differently, in complete autonomy!\" srcset=\"https:\/\/international-photographer.com\/wp-content\/uploads\/2024\/11\/guide-iles-feroe-pack-ebook.jpg 1390w, https:\/\/international-photographer.com\/wp-content\/uploads\/2024\/11\/guide-iles-feroe-pack-ebook-900x399.jpg 900w\" sizes=\"auto, (max-width: 1390px) 100vw, 1390px\" \/>\t\t\t\t\t\t\t\t<\/a>\n\t\t\t\t\t\t\t\t\t\t\t\t\t\t\t<\/div>\n\t\t\t\t<\/div>\n\t\t\t\t<div class=\"elementor-element elementor-element-b3a619d elementor-widget-divider--view-line elementor-widget elementor-widget-divider\" data-id=\"b3a619d\" data-element_type=\"widget\" data-e-type=\"widget\" data-widget_type=\"divider.default\">\n\t\t\t\t<div class=\"elementor-widget-container\">\n\t\t\t\t\t\t\t<div class=\"elementor-divider\">\n\t\t\t<span class=\"elementor-divider-separator\">\n\t\t\t\t\t\t<\/span>\n\t\t<\/div>\n\t\t\t\t\t\t<\/div>\n\t\t\t\t<\/div>\n\t\t\t\t\t<\/div>\n\t\t\t\t<\/div>\n\t\t\t\t<\/div>\n\t\t","protected":false},"excerpt":{"rendered":"<p>\u2192 <span style=\"font-weight: 400;\">GUIDE USA (2010) only available in <span style=\"color: #000099;\"><strong>French Version<\/strong><\/span><\/span><\/p>\n<hr \/>\n<p><strong>The SOUTHWEST USA Guide is the very first guide published by **INTERNATIONAL PHOTOGRAPHER**.<\/strong><\/p>\n<p><strong>Its first edition dates back to 2010!<\/strong><\/p>\n<p>This journey required months of preparation and was made possible with the help of a Southwest USA expert: Philippe Schuler.<\/p>\n<p>Each day is accompanied by a Google Map link to explore our itinerary.<\/p>\n<p><strong>Although it hasn&#8217;t been updated since its original release, we offer it to you as if sharing a secret. Don&#8217;t tell anyone!<\/strong><\/p>\n<hr \/>\n<p>\u2192 <span style=\"color: #000099;\"><strong>Your ebook is available for instant download after purchase.<\/strong><\/span><\/p>\n","protected":false},"featured_media":45951,"comment_status":"open","ping_status":"closed","template":"","meta":[],"product_brand":[],"product_cat":[584],"product_tag":[],"class_list":{"0":"post-44950","1":"product","2":"type-product","3":"status-publish","4":"has-post-thumbnail","6":"product_cat-usa","8":"first","9":"instock","10":"sale","11":"downloadable","12":"virtual","13":"taxable","14":"purchasable","15":"product-type-simple"},"_links":{"self":[{"href":"https:\/\/international-photographer.com\/en\/wp-json\/wp\/v2\/product\/44950","targetHints":{"allow":["GET"]}}],"collection":[{"href":"https:\/\/international-photographer.com\/en\/wp-json\/wp\/v2\/product"}],"about":[{"href":"https:\/\/international-photographer.com\/en\/wp-json\/wp\/v2\/types\/product"}],"replies":[{"embeddable":true,"href":"https:\/\/international-photographer.com\/en\/wp-json\/wp\/v2\/comments?post=44950"}],"version-history":[{"count":1,"href":"https:\/\/international-photographer.com\/en\/wp-json\/wp\/v2\/product\/44950\/revisions"}],"predecessor-version":[{"id":49303,"href":"https:\/\/international-photographer.com\/en\/wp-json\/wp\/v2\/product\/44950\/revisions\/49303"}],"wp:featuredmedia":[{"embeddable":true,"href":"https:\/\/international-photographer.com\/en\/wp-json\/wp\/v2\/media\/45951"}],"wp:attachment":[{"href":"https:\/\/international-photographer.com\/en\/wp-json\/wp\/v2\/media?parent=44950"}],"wp:term":[{"taxonomy":"product_brand","embeddable":true,"href":"https:\/\/international-photographer.com\/en\/wp-json\/wp\/v2\/product_brand?post=44950"},{"taxonomy":"product_cat","embeddable":true,"href":"https:\/\/international-photographer.com\/en\/wp-json\/wp\/v2\/product_cat?post=44950"},{"taxonomy":"product_tag","embeddable":true,"href":"https:\/\/international-photographer.com\/en\/wp-json\/wp\/v2\/product_tag?post=44950"}],"curies":[{"name":"wp","href":"https:\/\/api.w.org\/{rel}","templated":true}]}}