{"id":34124,"date":"2021-06-25T12:27:38","date_gmt":"2021-06-25T10:27:38","guid":{"rendered":"https:\/\/international-photographer.com\/cart\/"},"modified":"2024-09-03T10:48:06","modified_gmt":"2024-09-03T08:48:06","slug":"cart","status":"publish","type":"page","link":"https:\/\/international-photographer.com\/en\/cart\/","title":{"rendered":"Cart"},"content":{"rendered":"\t\t<div data-elementor-type=\"wp-page\" data-elementor-id=\"34124\" class=\"elementor elementor-34124 elementor-32251\" data-elementor-post-type=\"page\">\n\t\t\t\t<div class=\"elementor-element elementor-element-4756b3bd e-flex e-con-boxed e-con e-parent\" data-id=\"4756b3bd\" data-element_type=\"container\" data-e-type=\"container\">\n\t\t\t\t\t<div class=\"e-con-inner\">\n\t\t\t\t\t<\/div>\n\t\t\t\t<\/div>\n\t\t\t\t<\/div>\n\t\t","protected":false},"excerpt":{"rendered":"<p>Supprimer l\u2019\u00e9l\u00e9ment Miniature Produit Prix Quantit\u00e9 Sous-total &times; CARTE ISLANDE V5 20.00&euro; quantit\u00e9 de CARTE ISLANDE V5&nbsp; 20.00&euro; Apply promo code Cart total Sous-total 20.00&euro; Exp\u00e9dition Calculer les frais d\u2019exp\u00e9dition Pays\/r\u00e9gion\u00a0: S\u00e9lectionner un pays\/r\u00e9gion\u2026AfghanistanAfrique du Sud\u00c5land IslandsAlbanieAlg\u00e9rieAllemagneAmerican SamoaAndorreAngolaAnguillaAntarctiqueAntigua-et-BarbudaArabie SaouditeArgentineArm\u00e9nieArubaAustralieAutricheAzerbaijanBahamasBahrainBangladeshBarbadesBelauBelgiqueBelizeBeninBermudesBhutanBi\u00e9lorussieBolivieBosnie-Herz\u00e9govineBotswanaBr\u00e9silBruneiBulgarieBurkina FasoBurundiCambodgeCamerounCanadaCap VertChiliChineChristmas IslandChypreColombieComoresCongo (Brazzaville)Congo (Kinshasa)Cor\u00e9e du NordCor\u00e9e du SudCosta RicaC\u00f4te-d\u2019IvoireCroatieCubaCura\u00e7aoDanemarkDjiboutiDominique\u00c9gypte\u00c9mirats Arabes Unis\u00c9quateurErythr\u00e9eEspagneEstonieEswatiniEtats-Unis (USA)\u00c9thiopieFidjiFinlandeFranceGabonGambieG\u00e9orgieG\u00e9orgie du Sud \/ [&hellip;]<\/p>\n","protected":false},"author":50000,"featured_media":0,"parent":0,"menu_order":0,"comment_status":"closed","ping_status":"closed","template":"","meta":{"footnotes":""},"class_list":["post-34124","page","type-page","status-publish","hentry"],"_links":{"self":[{"href":"https:\/\/international-photographer.com\/en\/wp-json\/wp\/v2\/pages\/34124","targetHints":{"allow":["GET"]}}],"collection":[{"href":"https:\/\/international-photographer.com\/en\/wp-json\/wp\/v2\/pages"}],"about":[{"href":"https:\/\/international-photographer.com\/en\/wp-json\/wp\/v2\/types\/page"}],"author":[{"embeddable":true,"href":"https:\/\/international-photographer.com\/en\/wp-json\/wp\/v2\/users\/50000"}],"replies":[{"embeddable":true,"href":"https:\/\/international-photographer.com\/en\/wp-json\/wp\/v2\/comments?post=34124"}],"version-history":[{"count":0,"href":"https:\/\/international-photographer.com\/en\/wp-json\/wp\/v2\/pages\/34124\/revisions"}],"wp:attachment":[{"href":"https:\/\/international-photographer.com\/en\/wp-json\/wp\/v2\/media?parent=34124"}],"curies":[{"name":"wp","href":"https:\/\/api.w.org\/{rel}","templated":true}]}}